{"id":24,"date":"2022-01-19T12:59:22","date_gmt":"2022-01-19T11:59:22","guid":{"rendered":"http:\/\/www.afirse-international.com\/?page_id=24"},"modified":"2022-07-18T20:02:38","modified_gmt":"2022-07-18T18:02:38","slug":"nos-ambitions","status":"publish","type":"page","link":"https:\/\/www.afirse-international.com\/index.php\/association-francophone-et-internationale-de-recherche-scientifique-en-education\/lafirse\/nos-ambitions\/","title":{"rendered":"Nos ambitions"},"content":{"rendered":"\t\t<div data-elementor-type=\"wp-page\" data-elementor-id=\"24\" class=\"elementor elementor-24\">\n\t\t\t\t\t\t\t\t\t<section class=\"elementor-section elementor-top-section elementor-element elementor-element-1b97600a elementor-section-boxed elementor-section-height-default elementor-section-height-default\" data-id=\"1b97600a\" data-element_type=\"section\">\n\t\t\t\t\t\t<div class=\"elementor-container elementor-column-gap-default\">\n\t\t\t\t\t<div class=\"elementor-column elementor-col-100 elementor-top-column elementor-element elementor-element-252d37\" data-id=\"252d37\" data-element_type=\"column\">\n\t\t\t<div class=\"elementor-widget-wrap elementor-element-populated\">\n\t\t\t\t\t\t\t\t<div class=\"elementor-element elementor-element-662daa7a elementor-widget elementor-widget-text-editor\" data-id=\"662daa7a\" data-element_type=\"widget\" data-widget_type=\"text-editor.default\">\n\t\t\t\t<div class=\"elementor-widget-container\">\n\t\t\t<style>\/*! elementor - v3.7.4 - 31-08-2022 *\/\n.elementor-widget-text-editor.elementor-drop-cap-view-stacked .elementor-drop-cap{background-color:#818a91;color:#fff}.elementor-widget-text-editor.elementor-drop-cap-view-framed .elementor-drop-cap{color:#818a91;border:3px solid;background-color:transparent}.elementor-widget-text-editor:not(.elementor-drop-cap-view-default) .elementor-drop-cap{margin-top:8px}.elementor-widget-text-editor:not(.elementor-drop-cap-view-default) .elementor-drop-cap-letter{width:1em;height:1em}.elementor-widget-text-editor .elementor-drop-cap{float:left;text-align:center;line-height:1;font-size:50px}.elementor-widget-text-editor .elementor-drop-cap-letter{display:inline-block}<\/style>\t\t\t\t<ul>\n<li><span style=\"color: #000000;\">Au cours des ann\u00e9es, le caract\u00e8re international de l\u2019AFIRSE s\u2019est confirm\u00e9, lui permettant aussi d\u2019\u00eatre reconnue comme association de r\u00e9f\u00e9rence \u00e0 l\u2019int\u00e9rieur des diff\u00e9rents pays o\u00f9 elle se manifeste. La qualit\u00e9, la diversit\u00e9 de ses membres et le d\u00e9veloppement des \u00e9changes avec les associations s\u0153urs, locales ou internationales, devraient lui permettre d\u2019approfondir sa mission fondatrice : l\u2019exploration \u00e9pist\u00e9mologique et m\u00e9thodologique de la recherche en \u00e9ducation.<\/span><\/li>\n<\/ul>\n<p>\u00a0<\/p>\n<ul>\n<li><span style=\"color: #000000;\">L\u2019AFIRSE a ainsi pour buts premiers le d\u00e9veloppement de la recherche scientifique en \u00e9ducation, r\u00e9solument situ\u00e9e dans une perspective critique, et la diffusion et l\u2019utilisation des r\u00e9sultats de cette recherche, en vue d\u2019am\u00e9liorer les conditions de l\u2019\u00e9ducation ainsi que l\u2019ensemble des activit\u00e9s et pratiques \u00e9ducatives. Ses th\u00e9matiques de travail sont multiples et touchent les diff\u00e9rents domaines du champ \u00e9ducatif.<\/span><\/li>\n<\/ul>\n<p>\u00a0<\/p>\n<p><span style=\"text-decoration: underline;\"><strong><span style=\"color: #000000; text-decoration: underline;\">Pour atteindre ces buts, l\u2019AFIRSE :<\/span><\/strong><\/span><\/p>\n<ul>\n<li><span style=\"color: #000000;\">R\u00e9unit des chercheurs des diff\u00e9rents pays et des diff\u00e9rents modes d\u2019approche afin de faciliter leurs \u00e9changes sur leurs travaux, en particulier sous les angles \u00e9pist\u00e9mologiques et m\u00e9thodologiques.<\/span><\/li>\n<li><span style=\"color: #000000;\">Promeut une r\u00e9flexion constante sur les modalit\u00e9s de l\u2019esprit scientifique actuel, ses diff\u00e9rents champs et les conditions de la production de la recherche en \u00e9ducation.<\/span><\/li>\n<li><span style=\"color: #000000;\">Suscite une coordination des recherches ainsi que la cr\u00e9ation d\u2019\u00e9quipes internationales de chercheurs autour de th\u00e8mes communs et susceptibles de faire l\u2019objet de communications lors des r\u00e9unions scientifiques.<\/span><\/li>\n<li><span style=\"color: #000000;\">R\u00e9unit p\u00e9riodiquement des colloques, des s\u00e9minaires et des journ\u00e9es d\u2019\u00e9tudes r\u00e9serv\u00e9s aux membresde l\u2019Association et d\u2019autres types de r\u00e9unions ouvertes \u00e0 un plus vaste public.<\/span><\/li>\n<li><span style=\"color: #000000;\">\u00c9tablit des contacts entre les chercheurs et les autres partenaires de l\u2019\u00e9ducation, et favorise entreeux les \u00e9changes sous toutes leurs formes (publications, informations, documents, etc.)<\/span><\/li>\n<li><span style=\"color: #000000;\">Contribue \u00e0 la production des connaissances, \u00e0 la diffusion et \u00e0 l\u2019utilisation des apports de larecherche en \u00e9ducation.<\/span><\/li>\n<li><span style=\"color: #000000;\">Accompagne une r\u00e9flexion permanente sur l\u2019\u00e9volution des champs \u00e9ducatifs et sur celles desd\u00e9marches scientifiques.<\/span><\/li>\n<li><span style=\"color: #000000;\">Contribue ainsi \u00e0 la formation mutuelle de ses membres et au d\u00e9veloppement de leurs travaux.<\/span><\/li>\n<\/ul>\t\t\t\t\t\t<\/div>\n\t\t\t\t<\/div>\n\t\t\t\t\t<\/div>\n\t\t<\/div>\n\t\t\t\t\t\t\t<\/div>\n\t\t<\/section>\n\t\t\t\t<section class=\"elementor-section elementor-top-section elementor-element elementor-element-1b3efbf elementor-section-boxed elementor-section-height-default elementor-section-height-default\" data-id=\"1b3efbf\" data-element_type=\"section\">\n\t\t\t\t\t\t<div class=\"elementor-container elementor-column-gap-default\">\n\t\t\t\t\t<div class=\"elementor-column elementor-col-100 elementor-top-column elementor-element elementor-element-adcb543\" data-id=\"adcb543\" data-element_type=\"column\">\n\t\t\t<div class=\"elementor-widget-wrap elementor-element-populated\">\n\t\t\t\t\t\t\t\t<div class=\"elementor-element elementor-element-77984f4 elementor-widget elementor-widget-image\" data-id=\"77984f4\" data-element_type=\"widget\" data-widget_type=\"image.default\">\n\t\t\t\t<div class=\"elementor-widget-container\">\n\t\t\t<style>\/*! elementor - v3.7.4 - 31-08-2022 *\/\n.elementor-widget-image{text-align:center}.elementor-widget-image a{display:inline-block}.elementor-widget-image a img[src$=\".svg\"]{width:48px}.elementor-widget-image img{vertical-align:middle;display:inline-block}<\/style>\t\t\t\t\t\t\t\t\t\t\t\t<img width=\"150\" height=\"150\" src=\"https:\/\/www.afirse-international.com\/wp-content\/uploads\/2022\/07\/cropped-image-150x150.png\" class=\"attachment-thumbnail size-thumbnail\" alt=\"\" loading=\"lazy\" srcset=\"https:\/\/www.afirse-international.com\/wp-content\/uploads\/2022\/07\/cropped-image-150x150.png 150w, https:\/\/www.afirse-international.com\/wp-content\/uploads\/2022\/07\/cropped-image-300x300.png 300w, https:\/\/www.afirse-international.com\/wp-content\/uploads\/2022\/07\/cropped-image-270x270.png 270w, https:\/\/www.afirse-international.com\/wp-content\/uploads\/2022\/07\/cropped-image-192x192.png 192w, https:\/\/www.afirse-international.com\/wp-content\/uploads\/2022\/07\/cropped-image-180x180.png 180w, https:\/\/www.afirse-international.com\/wp-content\/uploads\/2022\/07\/cropped-image-32x32.png 32w, https:\/\/www.afirse-international.com\/wp-content\/uploads\/2022\/07\/cropped-image.png 512w\" sizes=\"(max-width: 150px) 100vw, 150px\" \/>\t\t\t\t\t\t\t\t\t\t\t\t\t\t\t<\/div>\n\t\t\t\t<\/div>\n\t\t\t\t\t<\/div>\n\t\t<\/div>\n\t\t\t\t\t\t\t<\/div>\n\t\t<\/section>\n\t\t\t\t\t\t\t<\/div>\n\t\t","protected":false},"excerpt":{"rendered":"<p>Au cours des ann\u00e9es, le caract\u00e8re international de l\u2019AFIRSE s\u2019est confirm\u00e9, lui permettant aussi d\u2019\u00eatre reconnue comme association de r\u00e9f\u00e9rence \u00e0 l\u2019int\u00e9rieur des diff\u00e9rents pays o\u00f9 elle se manifeste. La qualit\u00e9, la diversit\u00e9 de ses membres et le d\u00e9veloppement des \u00e9changes avec les associations s\u0153urs, locales ou internationales, devraient lui permettre d\u2019approfondir sa mission fondatrice [&hellip;]<\/p>\n","protected":false},"author":1,"featured_media":0,"parent":19,"menu_order":1,"comment_status":"closed","ping_status":"closed","template":"","meta":[],"_links":{"self":[{"href":"https:\/\/www.afirse-international.com\/index.php\/wp-json\/wp\/v2\/pages\/24"}],"collection":[{"href":"https:\/\/www.afirse-international.com\/index.php\/wp-json\/wp\/v2\/pages"}],"about":[{"href":"https:\/\/www.afirse-international.com\/index.php\/wp-json\/wp\/v2\/types\/page"}],"author":[{"embeddable":true,"href":"https:\/\/www.afirse-international.com\/index.php\/wp-json\/wp\/v2\/users\/1"}],"replies":[{"embeddable":true,"href":"https:\/\/www.afirse-international.com\/index.php\/wp-json\/wp\/v2\/comments?post=24"}],"version-history":[{"count":11,"href":"https:\/\/www.afirse-international.com\/index.php\/wp-json\/wp\/v2\/pages\/24\/revisions"}],"predecessor-version":[{"id":552,"href":"https:\/\/www.afirse-international.com\/index.php\/wp-json\/wp\/v2\/pages\/24\/revisions\/552"}],"up":[{"embeddable":true,"href":"https:\/\/www.afirse-international.com\/index.php\/wp-json\/wp\/v2\/pages\/19"}],"wp:attachment":[{"href":"https:\/\/www.afirse-international.com\/index.php\/wp-json\/wp\/v2\/media?parent=24"}],"curies":[{"name":"wp","href":"https:\/\/api.w.org\/{rel}","templated":true}]}}