{"id":28,"date":"2022-01-19T13:01:55","date_gmt":"2022-01-19T12:01:55","guid":{"rendered":"http:\/\/www.afirse-international.com\/?page_id=28"},"modified":"2022-07-18T21:01:18","modified_gmt":"2022-07-18T19:01:18","slug":"un-mot-de-la-presidente","status":"publish","type":"page","link":"https:\/\/www.afirse-international.com\/index.php\/association-francophone-et-internationale-de-recherche-scientifique-en-education\/lafirse\/un-mot-de-la-presidente\/","title":{"rendered":"Un mot de la Pr\u00e9sidente"},"content":{"rendered":"\t\t<div data-elementor-type=\"wp-page\" data-elementor-id=\"28\" class=\"elementor elementor-28\">\n\t\t\t\t\t\t\t\t\t<section class=\"elementor-section elementor-top-section elementor-element elementor-element-35d2c8d elementor-section-boxed elementor-section-height-default elementor-section-height-default\" data-id=\"35d2c8d\" data-element_type=\"section\">\n\t\t\t\t\t\t<div class=\"elementor-container elementor-column-gap-default\">\n\t\t\t\t\t<div class=\"elementor-column elementor-col-100 elementor-top-column elementor-element elementor-element-322a0b7e\" data-id=\"322a0b7e\" data-element_type=\"column\">\n\t\t\t<div class=\"elementor-widget-wrap elementor-element-populated\">\n\t\t\t\t\t\t\t\t<div class=\"elementor-element elementor-element-39ab431f elementor-widget elementor-widget-text-editor\" data-id=\"39ab431f\" data-element_type=\"widget\" data-widget_type=\"text-editor.default\">\n\t\t\t\t<div class=\"elementor-widget-container\">\n\t\t\t<style>\/*! elementor - v3.7.4 - 31-08-2022 *\/\n.elementor-widget-text-editor.elementor-drop-cap-view-stacked .elementor-drop-cap{background-color:#818a91;color:#fff}.elementor-widget-text-editor.elementor-drop-cap-view-framed .elementor-drop-cap{color:#818a91;border:3px solid;background-color:transparent}.elementor-widget-text-editor:not(.elementor-drop-cap-view-default) .elementor-drop-cap{margin-top:8px}.elementor-widget-text-editor:not(.elementor-drop-cap-view-default) .elementor-drop-cap-letter{width:1em;height:1em}.elementor-widget-text-editor .elementor-drop-cap{float:left;text-align:center;line-height:1;font-size:50px}.elementor-widget-text-editor .elementor-drop-cap-letter{display:inline-block}<\/style>\t\t\t\t<!-- wp:image {\"id\":30,\"sizeSlug\":\"full\",\"linkDestination\":\"none\"} -->\n<figure class=\"wp-block-image size-full\"><img loading=\"lazy\" class=\"wp-image-30 alignleft\" src=\"https:\/\/www.afirse-international.com\/wp-content\/uploads\/2022\/01\/maman-afirse-2.png\" alt=\"\" width=\"224\" height=\"224\" srcset=\"https:\/\/www.afirse-international.com\/wp-content\/uploads\/2022\/01\/maman-afirse-2.png 450w, https:\/\/www.afirse-international.com\/wp-content\/uploads\/2022\/01\/maman-afirse-2-300x300.png 300w, https:\/\/www.afirse-international.com\/wp-content\/uploads\/2022\/01\/maman-afirse-2-150x150.png 150w\" sizes=\"(max-width: 224px) 100vw, 224px\" \/><\/figure>\n<!-- \/wp:image --><!-- wp:paragraph -->\n<p><span style=\"color: #000000;\">L&#8217;enjeu de la recherche en Education est l\u2019utopie (suivre sur twitter <em>@Afirse_ScEduc<\/em>)<\/span><\/p>\n<p><span style=\"color: #000000;\"><!-- \/wp:paragraph --><!-- wp:paragraph --><\/span><\/p>\n<p><span style=\"color: #000000;\">J\u2019ai rejoint l\u2019AFIRSE en 2007. Lors d\u2019un colloque, mon premier \u00e9change fut avec un fran\u00e7ais, de la r\u00e9gion Limoges, professeur des \u00e9coles ; le second avec l\u2019un des Directeurs de l\u2019UNESCO. L\u2019un et l\u2019autre avaient \u00e0 c\u0153ur de t\u00e9moigner de leurs doutes et de leur projection dans l\u2019exercice de leur m\u00e9tier. Au fil des s\u00e9minaires internationaux de recherche, des travaux de conceptualisation, des d\u00e9bats, des colloques, des congr\u00e8s, ainsi que des conseils d\u2019administration, les publications se sont enchain\u00e9es, au gr\u00e9 des \u00e9changes formels et retranscrits par des scribes mandat\u00e9s, et des \u00e9changes informels dans les lieux et espaces partag\u00e9s. Depuis, ce qui m\u2019a nourri est entrem\u00eal\u00e9 entre les activit\u00e9s de l\u2019AFIRSE et de mon quotidien \u00e0 l\u2019Universit\u00e9.\u00a0<\/span><\/p>\n<p><span style=\"color: #000000;\"><!-- \/wp:paragraph --><!-- wp:paragraph --><\/span><\/p>\n<p><span style=\"color: #000000;\">J\u2019ai int\u00e9gr\u00e9 l\u2019Universit\u00e9 tardivement en 2005, apr\u00e8s une vie professionnelle tourn\u00e9e vers la diffusion de livres et le d\u00e9veloppement des connaissances des salari\u00e9s. J\u2019ai d\u00e9couvert alors la violence incontr\u00f4l\u00e9e de certains universitaires, fascin\u00e9s par la gloire, l\u2019argent et le pouvoir. L\u2019AFIRSE, cette derni\u00e8re ann\u00e9e n\u2019a pas \u00e9t\u00e9 \u00e0 l\u2019abri de ces d\u00e9rives. L\u2019id\u00e9al naus\u00e9eux s\u2019est incarn\u00e9 dans des propos sortis de tout contexte diffus\u00e9s massivement, des d\u00e9nigrements personnels et professionnels, des insultes sur les r\u00e9seaux sociaux, la d\u00e9lation aupr\u00e8s d\u2019autorit\u00e9s administratives, des titres de pr\u00e9sident.e et de co-pr\u00e9sident.e autoproclam\u00e9s \u00e0 vie et des usages parfois personnels des fonds financiers communs. Cet inventaire semble vertigineux ainsi formul\u00e9 mais ne fut qu\u2019agitation !\u00a0<\/span><\/p>\n<p><span style=\"color: #000000;\"><!-- \/wp:paragraph --><!-- wp:paragraph --><\/span><\/p>\n<p><span style=\"color: #000000;\">L\u2019ann\u00e9e 2021, pour quasiment tous les membres du conseil d\u2019administration de l\u2019AFIRSE, a donc \u00e9t\u00e9 consacr\u00e9e \u00e0 r\u00e9tablir le droit et \u00e0 recr\u00e9er un univers apais\u00e9 avec l\u2019ensemble de nos partenaires de recherche. J\u2019ai \u00e9chang\u00e9 longuement avec l\u2019ensemble des membres de l\u2019AFIRSE qui souhaitaient redonner de l\u2019\u00e9lan \u00e0 nos travaux pour notre bien, la recherche en Education ; acteurs tant dans les sections nationales, que dans le secteur international. Nous nous sommes r\u00e9invent\u00e9s tout en exprimant et en gardant notre attachement aux valeurs de l\u2019AFIRSE, \u00e0 son utopie. Nous avons donc entrepris des projets de transformation scientifiques, politiques et structurels. A l\u2019issue de cette courte ann\u00e9e de travail, les membres du conseil d\u2019administration ont r\u00e9form\u00e9 nos instances en profondeur et les experts scientifiques construit un programme international de recherche en Education.\u00a0<\/span><\/p>\n<p><span style=\"color: #000000;\"><!-- \/wp:paragraph --><!-- wp:paragraph --><\/span><\/p>\n<p><span style=\"color: #000000;\">Aujourd\u2019hui, nous, nouveaux comme les anciens membres de l\u2019AFIRSE, avons le d\u00e9sir d\u2019\u00e9changer tr\u00e8s r\u00e9guli\u00e8rement. Gr\u00e2ce \u00e0 la g\u00e9n\u00e9rosit\u00e9 intellectuelle et mat\u00e9rielle de chacun.e, nous avons eu la chance de dialoguer sur nos visions de la recherche, de les partager et qu\u2019elles soient port\u00e9es par les membres du bureau de l\u2019AFIRSE. Nous mettons en \u0153uvre aujourd\u2019hui un programme de recherche ouvert, international et multiforme qui nous tient particuli\u00e8rement \u00e0 c\u0153ur\u2026 afin d\u2019offrir \u00e0 chacun.e la meilleure fa\u00e7on de cr\u00e9er et d\u2019imaginer la recherche en Education.<\/span><\/p>\n<!-- \/wp:paragraph -->\t\t\t\t\t\t<\/div>\n\t\t\t\t<\/div>\n\t\t\t\t\t<\/div>\n\t\t<\/div>\n\t\t\t\t\t\t\t<\/div>\n\t\t<\/section>\n\t\t\t\t<section class=\"elementor-section elementor-top-section elementor-element elementor-element-cb45310 elementor-section-boxed elementor-section-height-default elementor-section-height-default\" data-id=\"cb45310\" data-element_type=\"section\">\n\t\t\t\t\t\t<div class=\"elementor-container elementor-column-gap-default\">\n\t\t\t\t\t<div class=\"elementor-column elementor-col-100 elementor-top-column elementor-element elementor-element-38374d9\" data-id=\"38374d9\" data-element_type=\"column\">\n\t\t\t<div class=\"elementor-widget-wrap elementor-element-populated\">\n\t\t\t\t\t\t\t\t<div class=\"elementor-element elementor-element-942aa47 elementor-widget elementor-widget-image\" data-id=\"942aa47\" data-element_type=\"widget\" data-widget_type=\"image.default\">\n\t\t\t\t<div class=\"elementor-widget-container\">\n\t\t\t<style>\/*! elementor - v3.7.4 - 31-08-2022 *\/\n.elementor-widget-image{text-align:center}.elementor-widget-image a{display:inline-block}.elementor-widget-image a img[src$=\".svg\"]{width:48px}.elementor-widget-image img{vertical-align:middle;display:inline-block}<\/style>\t\t\t\t\t\t\t\t\t\t\t\t<img width=\"150\" height=\"150\" src=\"https:\/\/www.afirse-international.com\/wp-content\/uploads\/2022\/07\/cropped-image-150x150.png\" class=\"attachment-thumbnail size-thumbnail\" alt=\"\" loading=\"lazy\" srcset=\"https:\/\/www.afirse-international.com\/wp-content\/uploads\/2022\/07\/cropped-image-150x150.png 150w, https:\/\/www.afirse-international.com\/wp-content\/uploads\/2022\/07\/cropped-image-300x300.png 300w, https:\/\/www.afirse-international.com\/wp-content\/uploads\/2022\/07\/cropped-image-270x270.png 270w, https:\/\/www.afirse-international.com\/wp-content\/uploads\/2022\/07\/cropped-image-192x192.png 192w, https:\/\/www.afirse-international.com\/wp-content\/uploads\/2022\/07\/cropped-image-180x180.png 180w, https:\/\/www.afirse-international.com\/wp-content\/uploads\/2022\/07\/cropped-image-32x32.png 32w, https:\/\/www.afirse-international.com\/wp-content\/uploads\/2022\/07\/cropped-image.png 512w\" sizes=\"(max-width: 150px) 100vw, 150px\" \/>\t\t\t\t\t\t\t\t\t\t\t\t\t\t\t<\/div>\n\t\t\t\t<\/div>\n\t\t\t\t\t<\/div>\n\t\t<\/div>\n\t\t\t\t\t\t\t<\/div>\n\t\t<\/section>\n\t\t\t\t\t\t\t<\/div>\n\t\t","protected":false},"excerpt":{"rendered":"<p>L&#8217;enjeu de la recherche en Education est l\u2019utopie (suivre sur twitter @Afirse_ScEduc) J\u2019ai rejoint l\u2019AFIRSE en 2007. Lors d\u2019un colloque, mon premier \u00e9change fut avec un fran\u00e7ais, de la r\u00e9gion Limoges, professeur des \u00e9coles ; le second avec l\u2019un des Directeurs de l\u2019UNESCO. L\u2019un et l\u2019autre avaient \u00e0 c\u0153ur de t\u00e9moigner de leurs doutes et [&hellip;]<\/p>\n","protected":false},"author":1,"featured_media":0,"parent":19,"menu_order":3,"comment_status":"closed","ping_status":"closed","template":"","meta":[],"_links":{"self":[{"href":"https:\/\/www.afirse-international.com\/index.php\/wp-json\/wp\/v2\/pages\/28"}],"collection":[{"href":"https:\/\/www.afirse-international.com\/index.php\/wp-json\/wp\/v2\/pages"}],"about":[{"href":"https:\/\/www.afirse-international.com\/index.php\/wp-json\/wp\/v2\/types\/page"}],"author":[{"embeddable":true,"href":"https:\/\/www.afirse-international.com\/index.php\/wp-json\/wp\/v2\/users\/1"}],"replies":[{"embeddable":true,"href":"https:\/\/www.afirse-international.com\/index.php\/wp-json\/wp\/v2\/comments?post=28"}],"version-history":[{"count":5,"href":"https:\/\/www.afirse-international.com\/index.php\/wp-json\/wp\/v2\/pages\/28\/revisions"}],"predecessor-version":[{"id":558,"href":"https:\/\/www.afirse-international.com\/index.php\/wp-json\/wp\/v2\/pages\/28\/revisions\/558"}],"up":[{"embeddable":true,"href":"https:\/\/www.afirse-international.com\/index.php\/wp-json\/wp\/v2\/pages\/19"}],"wp:attachment":[{"href":"https:\/\/www.afirse-international.com\/index.php\/wp-json\/wp\/v2\/media?parent=28"}],"curies":[{"name":"wp","href":"https:\/\/api.w.org\/{rel}","templated":true}]}}