{"id":32,"date":"2022-01-20T16:02:44","date_gmt":"2022-01-20T15:02:44","guid":{"rendered":"http:\/\/www.afirse-international.com\/?page_id=32"},"modified":"2022-07-26T17:13:50","modified_gmt":"2022-07-26T15:13:50","slug":"qui-sommes-nous","status":"publish","type":"page","link":"https:\/\/www.afirse-international.com\/index.php\/association-francophone-et-internationale-de-recherche-scientifique-en-education\/qui-sommes-nous\/","title":{"rendered":"Qui sommes-nous ?"},"content":{"rendered":"\t\t<div data-elementor-type=\"wp-page\" data-elementor-id=\"32\" class=\"elementor elementor-32\">\n\t\t\t\t\t\t\t\t\t<section class=\"elementor-section elementor-top-section elementor-element elementor-element-9a03034 elementor-section-boxed elementor-section-height-default elementor-section-height-default\" data-id=\"9a03034\" data-element_type=\"section\">\n\t\t\t\t\t\t<div class=\"elementor-container elementor-column-gap-default\">\n\t\t\t\t\t<div class=\"elementor-column elementor-col-33 elementor-top-column elementor-element elementor-element-944a29a\" data-id=\"944a29a\" data-element_type=\"column\">\n\t\t\t<div class=\"elementor-widget-wrap elementor-element-populated\">\n\t\t\t\t\t\t\t\t<div class=\"elementor-element elementor-element-f0cb4bc elementor-widget elementor-widget-text-editor\" data-id=\"f0cb4bc\" data-element_type=\"widget\" data-widget_type=\"text-editor.default\">\n\t\t\t\t<div class=\"elementor-widget-container\">\n\t\t\t<style>\/*! elementor - v3.7.4 - 31-08-2022 *\/\n.elementor-widget-text-editor.elementor-drop-cap-view-stacked .elementor-drop-cap{background-color:#818a91;color:#fff}.elementor-widget-text-editor.elementor-drop-cap-view-framed .elementor-drop-cap{color:#818a91;border:3px solid;background-color:transparent}.elementor-widget-text-editor:not(.elementor-drop-cap-view-default) .elementor-drop-cap{margin-top:8px}.elementor-widget-text-editor:not(.elementor-drop-cap-view-default) .elementor-drop-cap-letter{width:1em;height:1em}.elementor-widget-text-editor .elementor-drop-cap{float:left;text-align:center;line-height:1;font-size:50px}.elementor-widget-text-editor .elementor-drop-cap-letter{display:inline-block}<\/style>\t\t\t\t<h4 style=\"font-size: 24px; text-align: justify; line-height: 1.3;\"><a href=\"https:\/\/www.afirse-international.com\/index.php\/association-francophone-et-internationale-de-recherche-scientifique-en-education\/qui-sommes-nous\/lassemblee-generale\/\" data-type=\"page\" data-id=\"34\">Assembl\u00e9e g\u00e9n\u00e9rale\u00a0<\/a><\/h4>\n<p style=\"text-align: left;\"><span style=\"color: #000000;\">L\u2019Assembl\u00e9e G\u00e9n\u00e9rale est constitu\u00e9e des membres de l\u2019AFIRSE. Elle est l\u2019instance responsable de la vie de l\u2019AFIRSE. AGE du 07\/2021<\/span><\/p>\t\t\t\t\t\t<\/div>\n\t\t\t\t<\/div>\n\t\t\t\t\t<\/div>\n\t\t<\/div>\n\t\t\t\t<div class=\"elementor-column elementor-col-33 elementor-top-column elementor-element elementor-element-af12e3f\" data-id=\"af12e3f\" data-element_type=\"column\">\n\t\t\t<div class=\"elementor-widget-wrap elementor-element-populated\">\n\t\t\t\t\t\t\t\t<div class=\"elementor-element elementor-element-3f9422f elementor-widget elementor-widget-text-editor\" data-id=\"3f9422f\" data-element_type=\"widget\" data-widget_type=\"text-editor.default\">\n\t\t\t\t<div class=\"elementor-widget-container\">\n\t\t\t\t\t\t\t<h3 style=\"font-size: 24px; text-align: justify; line-height: 1.3;\"><a href=\"https:\/\/www.afirse-international.com\/index.php\/association-francophone-et-internationale-de-recherche-scientifique-en-education\/qui-sommes-nous\/le-conseil-dadministration\/\" data-type=\"page\" data-id=\"40\">Conseil Administration<\/a><\/h3>\n<p><span style=\"color: #000000;\">Le CA pilote l&#8217;AFIRSE dans toutes ses orientations scientifiques, politiques et administratives. Il est compos\u00e9 de membres de 13 pays, r\u00e9partis sur 4 continents<\/span><\/p>\t\t\t\t\t\t<\/div>\n\t\t\t\t<\/div>\n\t\t\t\t\t<\/div>\n\t\t<\/div>\n\t\t\t\t<div class=\"elementor-column elementor-col-33 elementor-top-column elementor-element elementor-element-b2127e2\" data-id=\"b2127e2\" data-element_type=\"column\">\n\t\t\t<div class=\"elementor-widget-wrap elementor-element-populated\">\n\t\t\t\t\t\t\t\t<div class=\"elementor-element elementor-element-109439b elementor-widget elementor-widget-text-editor\" data-id=\"109439b\" data-element_type=\"widget\" data-widget_type=\"text-editor.default\">\n\t\t\t\t<div class=\"elementor-widget-container\">\n\t\t\t\t\t\t\t<h3 style=\"font-size: 24px; line-height: 1.3;\"><a href=\"https:\/\/www.afirse-international.com\/index.php\/association-francophone-et-internationale-de-recherche-scientifique-en-education\/qui-sommes-nous\/conseillers-scientifiques-et-techniques\/\" data-type=\"page\" data-id=\"42\">Les conseillers scientifiques et techniques \u00e9lu.e.s<\/a><\/h3>\n<p><span style=\"color: #000000;\">Les conseillers contribuent au d\u00e9veloppement de la recherche scientifique dans leur domaine d&#8217;expertise.<\/span><\/p>\t\t\t\t\t\t<\/div>\n\t\t\t\t<\/div>\n\t\t\t\t\t<\/div>\n\t\t<\/div>\n\t\t\t\t\t\t\t<\/div>\n\t\t<\/section>\n\t\t\t\t<section class=\"elementor-section elementor-top-section elementor-element elementor-element-da23b63 elementor-section-boxed elementor-section-height-default elementor-section-height-default\" data-id=\"da23b63\" data-element_type=\"section\">\n\t\t\t\t\t\t<div class=\"elementor-container elementor-column-gap-default\">\n\t\t\t\t\t<div class=\"elementor-column elementor-col-100 elementor-top-column elementor-element elementor-element-83051bb\" data-id=\"83051bb\" data-element_type=\"column\">\n\t\t\t<div class=\"elementor-widget-wrap elementor-element-populated\">\n\t\t\t\t\t\t\t\t<div class=\"elementor-element elementor-element-45a4e88 elementor-arrows-position-inside elementor-pagination-position-outside elementor-widget elementor-widget-image-carousel\" data-id=\"45a4e88\" data-element_type=\"widget\" data-settings=\"{&quot;navigation&quot;:&quot;both&quot;,&quot;autoplay&quot;:&quot;yes&quot;,&quot;pause_on_hover&quot;:&quot;yes&quot;,&quot;pause_on_interaction&quot;:&quot;yes&quot;,&quot;autoplay_speed&quot;:5000,&quot;infinite&quot;:&quot;yes&quot;,&quot;speed&quot;:500}\" data-widget_type=\"image-carousel.default\">\n\t\t\t\t<div class=\"elementor-widget-container\">\n\t\t\t<style>\/*! elementor - v3.7.4 - 31-08-2022 *\/\n.elementor-widget-image-carousel .swiper-container{position:static}.elementor-widget-image-carousel .swiper-container .swiper-slide figure{line-height:inherit}.elementor-widget-image-carousel .swiper-slide{text-align:center}.elementor-image-carousel-wrapper:not(.swiper-container-initialized) .swiper-slide{max-width:calc(100% \/ var(--e-image-carousel-slides-to-show, 3))}<\/style>\t\t<div class=\"elementor-image-carousel-wrapper swiper-container\" dir=\"ltr\">\n\t\t\t<div class=\"elementor-image-carousel swiper-wrapper\">\n\t\t\t\t\t\t\t\t<div class=\"swiper-slide\"><figure class=\"swiper-slide-inner\"><img class=\"swiper-slide-image\" src=\"https:\/\/www.afirse-international.com\/wp-content\/uploads\/2022\/01\/drapeau-algerie-150x150.png\" alt=\"drapeau-algerie\" \/><\/figure><\/div><div class=\"swiper-slide\"><figure class=\"swiper-slide-inner\"><img class=\"swiper-slide-image\" src=\"https:\/\/www.afirse-international.com\/wp-content\/uploads\/2022\/01\/drapeau-bresil-5-150x150.png\" alt=\"drapeau-bresil-5\" \/><\/figure><\/div><div class=\"swiper-slide\"><figure class=\"swiper-slide-inner\"><img class=\"swiper-slide-image\" src=\"https:\/\/www.afirse-international.com\/wp-content\/uploads\/2022\/01\/drapeau-cameroun-wiki-150x150.png\" alt=\"drapeau-cameroun-wiki\" \/><\/figure><\/div><div class=\"swiper-slide\"><figure class=\"swiper-slide-inner\"><img class=\"swiper-slide-image\" src=\"https:\/\/www.afirse-international.com\/wp-content\/uploads\/2022\/01\/drapeau-canada-1-150x150.png\" alt=\"drapeau-canada-1\" \/><\/figure><\/div><div class=\"swiper-slide\"><figure class=\"swiper-slide-inner\"><img class=\"swiper-slide-image\" src=\"https:\/\/www.afirse-international.com\/wp-content\/uploads\/2022\/01\/drapeau-congo-1-150x150.png\" alt=\"drapeau-congo-1\" \/><\/figure><\/div><div class=\"swiper-slide\"><figure class=\"swiper-slide-inner\"><img class=\"swiper-slide-image\" src=\"https:\/\/www.afirse-international.com\/wp-content\/uploads\/2022\/01\/drapeau-espagne-1-150x150.png\" alt=\"drapeau-espagne-1\" \/><\/figure><\/div><div class=\"swiper-slide\"><figure class=\"swiper-slide-inner\"><img class=\"swiper-slide-image\" src=\"https:\/\/www.afirse-international.com\/wp-content\/uploads\/2022\/01\/drapeau-france-1-150x150.png\" alt=\"drapeau-france-1\" \/><\/figure><\/div><div class=\"swiper-slide\"><figure class=\"swiper-slide-inner\"><img class=\"swiper-slide-image\" src=\"https:\/\/www.afirse-international.com\/wp-content\/uploads\/2022\/01\/drapeau-guinee-1-150x150.png\" alt=\"drapeau-guinee-1\" \/><\/figure><\/div><div class=\"swiper-slide\"><figure class=\"swiper-slide-inner\"><img class=\"swiper-slide-image\" src=\"https:\/\/www.afirse-international.com\/wp-content\/uploads\/2022\/01\/drapeau-liban-150x150.png\" alt=\"drapeau-liban\" \/><\/figure><\/div><div class=\"swiper-slide\"><figure class=\"swiper-slide-inner\"><img class=\"swiper-slide-image\" src=\"https:\/\/www.afirse-international.com\/wp-content\/uploads\/2022\/01\/drapeau-mexique-1-150x129.png\" alt=\"drapeau-mexique-1\" \/><\/figure><\/div><div class=\"swiper-slide\"><figure class=\"swiper-slide-inner\"><img class=\"swiper-slide-image\" src=\"https:\/\/www.afirse-international.com\/wp-content\/uploads\/2022\/01\/drapeau-portugal-5-150x150.jpeg\" alt=\"drapeau-portugal-5\" \/><\/figure><\/div><div class=\"swiper-slide\"><figure class=\"swiper-slide-inner\"><img class=\"swiper-slide-image\" src=\"https:\/\/www.afirse-international.com\/wp-content\/uploads\/2022\/01\/drapeau-rdc-1-150x150.png\" alt=\"drapeau-rdc-1\" \/><\/figure><\/div><div class=\"swiper-slide\"><figure class=\"swiper-slide-inner\"><img class=\"swiper-slide-image\" src=\"https:\/\/www.afirse-international.com\/wp-content\/uploads\/2022\/01\/tchad-150x150.png\" alt=\"Sections\" \/><\/figure><\/div>\t\t\t<\/div>\n\t\t\t\t\t\t\t\t\t\t\t\t<div class=\"swiper-pagination\"><\/div>\n\t\t\t\t\t\t\t\t\t\t\t\t\t<div class=\"elementor-swiper-button elementor-swiper-button-prev\">\n\t\t\t\t\t\t<i aria-hidden=\"true\" class=\"eicon-chevron-left\"><\/i>\t\t\t\t\t\t<span class=\"elementor-screen-only\">Previous<\/span>\n\t\t\t\t\t<\/div>\n\t\t\t\t\t<div class=\"elementor-swiper-button elementor-swiper-button-next\">\n\t\t\t\t\t\t<i aria-hidden=\"true\" class=\"eicon-chevron-right\"><\/i>\t\t\t\t\t\t<span class=\"elementor-screen-only\">Next<\/span>\n\t\t\t\t\t<\/div>\n\t\t\t\t\t\t\t\t\t<\/div>\n\t\t\t\t<\/div>\n\t\t\t\t<\/div>\n\t\t\t\t\t<\/div>\n\t\t<\/div>\n\t\t\t\t\t\t\t<\/div>\n\t\t<\/section>\n\t\t\t\t<section class=\"elementor-section elementor-top-section elementor-element elementor-element-dd27164 elementor-section-boxed elementor-section-height-default elementor-section-height-default\" data-id=\"dd27164\" data-element_type=\"section\">\n\t\t\t\t\t\t<div class=\"elementor-container elementor-column-gap-default\">\n\t\t\t\t\t<div class=\"elementor-column elementor-col-100 elementor-top-column elementor-element elementor-element-afc782a\" data-id=\"afc782a\" data-element_type=\"column\">\n\t\t\t<div class=\"elementor-widget-wrap elementor-element-populated\">\n\t\t\t\t\t\t\t\t<div class=\"elementor-element elementor-element-866ed06 elementor-widget elementor-widget-image\" data-id=\"866ed06\" data-element_type=\"widget\" data-widget_type=\"image.default\">\n\t\t\t\t<div class=\"elementor-widget-container\">\n\t\t\t<style>\/*! elementor - v3.7.4 - 31-08-2022 *\/\n.elementor-widget-image{text-align:center}.elementor-widget-image a{display:inline-block}.elementor-widget-image a img[src$=\".svg\"]{width:48px}.elementor-widget-image img{vertical-align:middle;display:inline-block}<\/style>\t\t\t\t\t\t\t\t\t\t\t\t<img width=\"150\" height=\"150\" src=\"https:\/\/www.afirse-international.com\/wp-content\/uploads\/2022\/07\/cropped-image-150x150.png\" class=\"attachment-thumbnail size-thumbnail\" alt=\"\" loading=\"lazy\" srcset=\"https:\/\/www.afirse-international.com\/wp-content\/uploads\/2022\/07\/cropped-image-150x150.png 150w, https:\/\/www.afirse-international.com\/wp-content\/uploads\/2022\/07\/cropped-image-300x300.png 300w, https:\/\/www.afirse-international.com\/wp-content\/uploads\/2022\/07\/cropped-image-270x270.png 270w, https:\/\/www.afirse-international.com\/wp-content\/uploads\/2022\/07\/cropped-image-192x192.png 192w, https:\/\/www.afirse-international.com\/wp-content\/uploads\/2022\/07\/cropped-image-180x180.png 180w, https:\/\/www.afirse-international.com\/wp-content\/uploads\/2022\/07\/cropped-image-32x32.png 32w, https:\/\/www.afirse-international.com\/wp-content\/uploads\/2022\/07\/cropped-image.png 512w\" sizes=\"(max-width: 150px) 100vw, 150px\" \/>\t\t\t\t\t\t\t\t\t\t\t\t\t\t\t<\/div>\n\t\t\t\t<\/div>\n\t\t\t\t\t<\/div>\n\t\t<\/div>\n\t\t\t\t\t\t\t<\/div>\n\t\t<\/section>\n\t\t\t\t\t\t\t<\/div>\n\t\t","protected":false},"excerpt":{"rendered":"<p>Assembl\u00e9e g\u00e9n\u00e9rale\u00a0 L\u2019Assembl\u00e9e G\u00e9n\u00e9rale est constitu\u00e9e des membres de l\u2019AFIRSE. Elle est l\u2019instance responsable de la vie de l\u2019AFIRSE. AGE du 07\/2021 Conseil Administration Le CA pilote l&#8217;AFIRSE dans toutes ses orientations scientifiques, politiques et administratives. Il est compos\u00e9 de membres de 13 pays, r\u00e9partis sur 4 continents Les conseillers scientifiques et techniques \u00e9lu.e.s Les [&hellip;]<\/p>\n","protected":false},"author":1,"featured_media":0,"parent":9,"menu_order":2,"comment_status":"closed","ping_status":"closed","template":"","meta":[],"_links":{"self":[{"href":"https:\/\/www.afirse-international.com\/index.php\/wp-json\/wp\/v2\/pages\/32"}],"collection":[{"href":"https:\/\/www.afirse-international.com\/index.php\/wp-json\/wp\/v2\/pages"}],"about":[{"href":"https:\/\/www.afirse-international.com\/index.php\/wp-json\/wp\/v2\/types\/page"}],"author":[{"embeddable":true,"href":"https:\/\/www.afirse-international.com\/index.php\/wp-json\/wp\/v2\/users\/1"}],"replies":[{"embeddable":true,"href":"https:\/\/www.afirse-international.com\/index.php\/wp-json\/wp\/v2\/comments?post=32"}],"version-history":[{"count":10,"href":"https:\/\/www.afirse-international.com\/index.php\/wp-json\/wp\/v2\/pages\/32\/revisions"}],"predecessor-version":[{"id":608,"href":"https:\/\/www.afirse-international.com\/index.php\/wp-json\/wp\/v2\/pages\/32\/revisions\/608"}],"up":[{"embeddable":true,"href":"https:\/\/www.afirse-international.com\/index.php\/wp-json\/wp\/v2\/pages\/9"}],"wp:attachment":[{"href":"https:\/\/www.afirse-international.com\/index.php\/wp-json\/wp\/v2\/media?parent=32"}],"curies":[{"name":"wp","href":"https:\/\/api.w.org\/{rel}","templated":true}]}}