{"id":38,"date":"2022-01-20T16:06:10","date_gmt":"2022-01-20T15:06:10","guid":{"rendered":"http:\/\/www.afirse-international.com\/?page_id=38"},"modified":"2022-08-30T14:41:46","modified_gmt":"2022-08-30T12:41:46","slug":"le-bureau","status":"publish","type":"page","link":"https:\/\/www.afirse-international.com\/index.php\/association-francophone-et-internationale-de-recherche-scientifique-en-education\/qui-sommes-nous\/le-bureau\/","title":{"rendered":"Le bureau"},"content":{"rendered":"\t\t<div data-elementor-type=\"wp-page\" data-elementor-id=\"38\" class=\"elementor elementor-38\">\n\t\t\t\t\t\t\t\t\t<section class=\"elementor-section elementor-top-section elementor-element elementor-element-6d8f8db2 elementor-section-boxed elementor-section-height-default elementor-section-height-default\" data-id=\"6d8f8db2\" data-element_type=\"section\">\n\t\t\t\t\t\t<div class=\"elementor-container elementor-column-gap-default\">\n\t\t\t\t\t<div class=\"elementor-column elementor-col-100 elementor-top-column elementor-element elementor-element-173f51cf\" data-id=\"173f51cf\" data-element_type=\"column\">\n\t\t\t<div class=\"elementor-widget-wrap elementor-element-populated\">\n\t\t\t\t\t\t\t\t<div class=\"elementor-element elementor-element-71cdb050 elementor-widget elementor-widget-text-editor\" data-id=\"71cdb050\" data-element_type=\"widget\" data-widget_type=\"text-editor.default\">\n\t\t\t\t<div class=\"elementor-widget-container\">\n\t\t\t<style>\/*! elementor - v3.7.4 - 31-08-2022 *\/\n.elementor-widget-text-editor.elementor-drop-cap-view-stacked .elementor-drop-cap{background-color:#818a91;color:#fff}.elementor-widget-text-editor.elementor-drop-cap-view-framed .elementor-drop-cap{color:#818a91;border:3px solid;background-color:transparent}.elementor-widget-text-editor:not(.elementor-drop-cap-view-default) .elementor-drop-cap{margin-top:8px}.elementor-widget-text-editor:not(.elementor-drop-cap-view-default) .elementor-drop-cap-letter{width:1em;height:1em}.elementor-widget-text-editor .elementor-drop-cap{float:left;text-align:center;line-height:1;font-size:50px}.elementor-widget-text-editor .elementor-drop-cap-letter{display:inline-block}<\/style>\t\t\t\t<p><!-- wp:heading --><\/p>\n<h2><span style=\"color: #000000;\">Membres \u00e9lu.e.s<\/span><\/h2>\n<p><span style=\"color: #000000;\"><!-- \/wp:heading --><!-- wp:paragraph --><\/span><\/p>\n<p><span style=\"color: #000000;\">V\u00e9ronique Attias-Delattre (France) \u2013 <strong>Pr\u00e9sidente<\/strong><\/span><\/p>\n<p><span style=\"color: #000000;\"><!-- \/wp:paragraph --><!-- wp:paragraph --><\/span><\/p>\n<p><span style=\"color: #000000;\">Marilene Freitas Correa Da Silva (Br\u00e9sil) \u2013 <strong>Co-pr\u00e9sidente<\/strong><\/span><\/p>\n<p><span style=\"color: #000000;\"><!-- \/wp:paragraph --><!-- wp:paragraph --><\/span><\/p>\n<p><span style=\"color: #000000;\">Georges Nahas (Liban) \u2013 <strong>Vice-pr\u00e9sident<\/strong><\/span><\/p>\n<p><span style=\"color: #000000;\"><!-- \/wp:paragraph --><!-- wp:paragraph --><\/span><\/p>\n<p><span style=\"color: #000000;\">Antonio Alanis Huerta (Mexique) \u2013 <strong>Secr\u00e9taire G\u00e9n\u00e9ral<\/strong><\/span><\/p>\n<p><span style=\"color: #000000;\">Mathias Szpirglas (France) &#8211;<strong> S\u00e9cr\u00e9taire G\u00e9n\u00e9ral Adjoint<\/strong><\/span><\/p>\n<p><span style=\"color: #000000;\"><!-- \/wp:paragraph --><!-- wp:paragraph --><\/span><\/p>\n<p><span style=\"color: #000000;\">Catherine Nafti (France) \u2013 <strong>Tr\u00e9sori\u00e8re<\/strong><\/span><\/p>\n<p><span style=\"color: #000000;\"><!-- \/wp:paragraph --><!-- wp:heading {\"level\":4} --><\/span><\/p>\n<h4><span style=\"color: #000000;\">Membres de droit<\/span><\/h4>\n<p><span style=\"color: #000000;\"><!-- \/wp:heading --><!-- wp:paragraph --><\/span><\/p>\n<p><span style=\"color: #000000;\">Florentin Azia (RDC)<\/span><\/p>\n<p><span style=\"color: #000000;\"><!-- \/wp:paragraph --><!-- wp:paragraph --><\/span><\/p>\n<p><span style=\"color: #000000;\">Carmen Cavaco (Portugal)<\/span><\/p>\n<p><span style=\"color: #000000;\"><!-- \/wp:paragraph --><!-- wp:paragraph --><\/span><\/p>\n<p><span style=\"color: #000000;\">Alfredo Berbegal V\u00e1zquez (Espagne)<\/span><\/p>\n<p><span style=\"color: #000000;\"><!-- \/wp:paragraph --><!-- wp:paragraph --><\/span><\/p>\n<p><span style=\"color: #000000;\">Lise Bessette (Canada)<\/span><\/p>\n<p><span style=\"color: #000000;\"><!-- \/wp:paragraph --><!-- wp:paragraph --><\/span><\/p>\n<p><span style=\"color: #000000;\">Patricia Ducoing-Watty (Mexique)<\/span><\/p>\n<p><span style=\"color: #000000;\"><!-- \/wp:paragraph --><!-- wp:paragraph --><\/span><\/p>\n<p><span style=\"color: #000000;\">Innocent Fozing (Congo)<\/span><\/p>\n<p><span style=\"color: #000000;\"><!-- \/wp:paragraph --><!-- wp:paragraph --><\/span><\/p>\n<p><span style=\"color: #000000;\">Ivana lbiapina (Br\u00e9sil)<\/span><\/p>\n<p><span style=\"color: #000000;\"><!-- \/wp:paragraph --><!-- wp:paragraph --><\/span><\/p>\n<p><span style=\"color: #000000;\">Nestor Loumouamou Aubin (Congo)<\/span><\/p>\n<p><span style=\"color: #000000;\"><!-- \/wp:paragraph --><!-- wp:paragraph --><\/span><\/p>\n<p><span style=\"color: #000000;\">Jean-Claude Sallaberry (France)<\/span><\/p>\n<p><span style=\"color: #000000;\"><!-- \/wp:paragraph --><!-- wp:paragraph --><\/span><\/p>\n<p><span style=\"color: #000000;\">Guy Berger&nbsp;(France \u2013 ancien pr\u00e9sident \u2013 membre de la section fran\u00e7aise)&nbsp;<\/span><\/p>\n<p><span style=\"color: #000000;\"><!-- \/wp:paragraph --><!-- wp:paragraph --><\/span><\/p>\n<p><span style=\"color: #000000;\">Patrick Boumard (France \u2013 ancien pr\u00e9sident)<\/span><\/p>\n<p><span style=\"color: #000000;\">Louis Marmoz (France &#8211; ancien pr\u00e9sident)&nbsp;<\/span><\/p>\n<p><!-- \/wp:paragraph --><\/p>\t\t\t\t\t\t<\/div>\n\t\t\t\t<\/div>\n\t\t\t\t\t<\/div>\n\t\t<\/div>\n\t\t\t\t\t\t\t<\/div>\n\t\t<\/section>\n\t\t\t\t\t\t\t<\/div>\n\t\t","protected":false},"excerpt":{"rendered":"<p>Membres \u00e9lu.e.s V\u00e9ronique Attias-Delattre (France) \u2013 Pr\u00e9sidente Marilene Freitas Correa Da Silva (Br\u00e9sil) \u2013 Co-pr\u00e9sidente Georges Nahas (Liban) \u2013 Vice-pr\u00e9sident Antonio Alanis Huerta (Mexique) \u2013 Secr\u00e9taire G\u00e9n\u00e9ral Mathias Szpirglas (France) &#8211; S\u00e9cr\u00e9taire G\u00e9n\u00e9ral Adjoint Catherine Nafti (France) \u2013 Tr\u00e9sori\u00e8re Membres de droit Florentin Azia (RDC) Carmen Cavaco (Portugal) Alfredo Berbegal V\u00e1zquez (Espagne) Lise Bessette (Canada) [&hellip;]<\/p>\n","protected":false},"author":1,"featured_media":0,"parent":32,"menu_order":2,"comment_status":"closed","ping_status":"closed","template":"","meta":[],"_links":{"self":[{"href":"https:\/\/www.afirse-international.com\/index.php\/wp-json\/wp\/v2\/pages\/38"}],"collection":[{"href":"https:\/\/www.afirse-international.com\/index.php\/wp-json\/wp\/v2\/pages"}],"about":[{"href":"https:\/\/www.afirse-international.com\/index.php\/wp-json\/wp\/v2\/types\/page"}],"author":[{"embeddable":true,"href":"https:\/\/www.afirse-international.com\/index.php\/wp-json\/wp\/v2\/users\/1"}],"replies":[{"embeddable":true,"href":"https:\/\/www.afirse-international.com\/index.php\/wp-json\/wp\/v2\/comments?post=38"}],"version-history":[{"count":13,"href":"https:\/\/www.afirse-international.com\/index.php\/wp-json\/wp\/v2\/pages\/38\/revisions"}],"predecessor-version":[{"id":641,"href":"https:\/\/www.afirse-international.com\/index.php\/wp-json\/wp\/v2\/pages\/38\/revisions\/641"}],"up":[{"embeddable":true,"href":"https:\/\/www.afirse-international.com\/index.php\/wp-json\/wp\/v2\/pages\/32"}],"wp:attachment":[{"href":"https:\/\/www.afirse-international.com\/index.php\/wp-json\/wp\/v2\/media?parent=38"}],"curies":[{"name":"wp","href":"https:\/\/api.w.org\/{rel}","templated":true}]}}