{"id":42,"date":"2022-01-20T16:05:54","date_gmt":"2022-01-20T15:05:54","guid":{"rendered":"http:\/\/www.afirse-international.com\/?page_id=42"},"modified":"2022-07-18T21:29:50","modified_gmt":"2022-07-18T19:29:50","slug":"conseillers-scientifiques-et-techniques","status":"publish","type":"page","link":"https:\/\/www.afirse-international.com\/index.php\/association-francophone-et-internationale-de-recherche-scientifique-en-education\/qui-sommes-nous\/conseillers-scientifiques-et-techniques\/","title":{"rendered":"Conseillers scientifiques et techniques"},"content":{"rendered":"\n<figure>\n<table>\n<tbody>\n<tr>\n<td>Mathias Szpirglas (France)<\/td>\n<td>Vie institutionnelle et scientifique de l&#8217;AFIRSE<\/td>\n<\/tr>\n<tr>\n<td>Paulin Mandoumou (Congo)<\/td>\n<td>Didactique du sport<\/td>\n<\/tr>\n<tr>\n<td>Fernando Sabiron (Espagne)<\/td>\n<td>M\u00e9thodologies de rechercher en \u00c9ducation<\/td>\n<\/tr>\n<tr>\n<td>Maria Jo\u00e3o Cardona (Portugal), Maria Isabel Lopes Da Silva (Portugal) et Antonio Alanis Huerta (Mexique)<\/td>\n<td>Pr\u00e9scolaire<\/td>\n<\/tr>\n<tr>\n<td>Jesus Maria Sousa (Portugal)<\/td>\n<td>Curriculum<\/td>\n<\/tr>\n<tr>\n<td>Salonilde Ferreira (Br\u00e9sil)<\/td>\n<td>P\u00e9dagogie et compr\u00e9hension des enfants<\/td>\n<\/tr>\n<tr>\n<td>Pascal Ndinga (Canada)<\/td>\n<td>\u00c9valuation des apprentissages<\/td>\n<\/tr>\n<tr>\n<td>Jo\u00e3o Pinhal (Portugal)<\/td>\n<td>\u00c9ducation et politiques locales<\/td>\n<\/tr>\n<\/tbody>\n<\/table>\n<\/figure>\n","protected":false},"excerpt":{"rendered":"<p>Mathias Szpirglas (France) Vie institutionnelle et scientifique de l&#8217;AFIRSE Paulin Mandoumou (Congo) Didactique du sport Fernando Sabiron (Espagne) M\u00e9thodologies de rechercher en \u00c9ducation Maria Jo\u00e3o Cardona (Portugal), Maria Isabel Lopes Da Silva (Portugal) et Antonio Alanis Huerta (Mexique) Pr\u00e9scolaire Jesus Maria Sousa (Portugal) Curriculum Salonilde Ferreira (Br\u00e9sil) P\u00e9dagogie et compr\u00e9hension des enfants Pascal Ndinga (Canada) [&hellip;]<\/p>\n","protected":false},"author":1,"featured_media":0,"parent":32,"menu_order":4,"comment_status":"closed","ping_status":"closed","template":"","meta":[],"_links":{"self":[{"href":"https:\/\/www.afirse-international.com\/index.php\/wp-json\/wp\/v2\/pages\/42"}],"collection":[{"href":"https:\/\/www.afirse-international.com\/index.php\/wp-json\/wp\/v2\/pages"}],"about":[{"href":"https:\/\/www.afirse-international.com\/index.php\/wp-json\/wp\/v2\/types\/page"}],"author":[{"embeddable":true,"href":"https:\/\/www.afirse-international.com\/index.php\/wp-json\/wp\/v2\/users\/1"}],"replies":[{"embeddable":true,"href":"https:\/\/www.afirse-international.com\/index.php\/wp-json\/wp\/v2\/comments?post=42"}],"version-history":[{"count":9,"href":"https:\/\/www.afirse-international.com\/index.php\/wp-json\/wp\/v2\/pages\/42\/revisions"}],"predecessor-version":[{"id":580,"href":"https:\/\/www.afirse-international.com\/index.php\/wp-json\/wp\/v2\/pages\/42\/revisions\/580"}],"up":[{"embeddable":true,"href":"https:\/\/www.afirse-international.com\/index.php\/wp-json\/wp\/v2\/pages\/32"}],"wp:attachment":[{"href":"https:\/\/www.afirse-international.com\/index.php\/wp-json\/wp\/v2\/media?parent=42"}],"curies":[{"name":"wp","href":"https:\/\/api.w.org\/{rel}","templated":true}]}}