{"id":53,"date":"2022-01-19T13:35:34","date_gmt":"2022-01-19T12:35:34","guid":{"rendered":"http:\/\/www.afirse-international.com\/?page_id=53"},"modified":"2022-04-01T15:48:47","modified_gmt":"2022-04-01T13:48:47","slug":"vous-et-nous","status":"publish","type":"page","link":"https:\/\/www.afirse-international.com\/index.php\/association-francophone-et-internationale-de-recherche-scientifique-en-education\/vous-et-nous\/","title":{"rendered":"Contacts"},"content":{"rendered":"\n<p>Nous contacter <\/p>\n\n\n\n<p><strong>Par mail \u00e0 :&nbsp;<\/strong><\/p>\n\n\n\n<p>&#8211; &nbsp; &nbsp; &nbsp; <strong>afirse.presidence@gmail.com<\/strong><\/p>\n\n\n\n<p><strong>Ou secr\u00e9tariat g\u00e9n\u00e9ral AFIRSE&nbsp;<\/strong><\/p>\n\n\n\n<p><strong>dralanis8492@hotmail.com<\/strong><\/p>\n\n\n\n<p><strong>Ou encore conseiller technique AFIRSE<\/strong><\/p>\n\n\n\n<p><strong>mathias.szpirglas@univ-eiffel.fr<\/strong><\/p>\n\n\n\n<p>Nous rejoindre<\/p>\n\n\n\n<p>Lien vers le formulaire d&#8217;adh\u00e9sion :&nbsp; <a href=\"https:\/\/docs.google.com\/forms\/d\/17zh3u3ZBuL7-UJNep9URlwLziNJl5mfD_t4r1wZQ1Mc\/viewform?edit_requested=true\">docs.google.com\/forms\/d\/17zh3u3ZBuL7-UJNep9URlwLziNJl5mfD_t4r1wZQ1Mc\/viewform?edit_requested=true<\/a>&nbsp;<\/p>\n","protected":false},"excerpt":{"rendered":"<p>Nous contacter Par mail \u00e0 :&nbsp; &#8211; &nbsp; &nbsp; &nbsp; afirse.presidence@gmail.com Ou secr\u00e9tariat g\u00e9n\u00e9ral AFIRSE&nbsp; dralanis8492@hotmail.com Ou encore conseiller technique AFIRSE mathias.szpirglas@univ-eiffel.fr Nous rejoindre Lien vers le formulaire d&#8217;adh\u00e9sion :&nbsp; docs.google.com\/forms\/d\/17zh3u3ZBuL7-UJNep9URlwLziNJl5mfD_t4r1wZQ1Mc\/viewform?edit_requested=true&nbsp;<\/p>\n","protected":false},"author":1,"featured_media":0,"parent":9,"menu_order":4,"comment_status":"closed","ping_status":"closed","template":"templates\/template-cover.php","meta":[],"_links":{"self":[{"href":"https:\/\/www.afirse-international.com\/index.php\/wp-json\/wp\/v2\/pages\/53"}],"collection":[{"href":"https:\/\/www.afirse-international.com\/index.php\/wp-json\/wp\/v2\/pages"}],"about":[{"href":"https:\/\/www.afirse-international.com\/index.php\/wp-json\/wp\/v2\/types\/page"}],"author":[{"embeddable":true,"href":"https:\/\/www.afirse-international.com\/index.php\/wp-json\/wp\/v2\/users\/1"}],"replies":[{"embeddable":true,"href":"https:\/\/www.afirse-international.com\/index.php\/wp-json\/wp\/v2\/comments?post=53"}],"version-history":[{"count":3,"href":"https:\/\/www.afirse-international.com\/index.php\/wp-json\/wp\/v2\/pages\/53\/revisions"}],"predecessor-version":[{"id":407,"href":"https:\/\/www.afirse-international.com\/index.php\/wp-json\/wp\/v2\/pages\/53\/revisions\/407"}],"up":[{"embeddable":true,"href":"https:\/\/www.afirse-international.com\/index.php\/wp-json\/wp\/v2\/pages\/9"}],"wp:attachment":[{"href":"https:\/\/www.afirse-international.com\/index.php\/wp-json\/wp\/v2\/media?parent=53"}],"curies":[{"name":"wp","href":"https:\/\/api.w.org\/{rel}","templated":true}]}}