{"id":664,"date":"2022-09-02T15:15:13","date_gmt":"2022-09-02T13:15:13","guid":{"rendered":"https:\/\/www.afirse-international.com\/?page_id=664"},"modified":"2022-09-02T15:15:13","modified_gmt":"2022-09-02T13:15:13","slug":"archives","status":"publish","type":"page","link":"https:\/\/www.afirse-international.com\/index.php\/archives\/","title":{"rendered":"Archives"},"content":{"rendered":"\n<p>AFIRSE<br>Association Francophone Internationale de Recherche Scientifique en \u00c9ducationEn collaboration avec l\u2019UNESCO\u00a0Recherche et prospective en \u00e9ducation (ED\/ERF)La recherche en \u00e9ducation dans le monde, o\u00f9 en sommes-nous ? Th\u00e8mes, m\u00e9thodologies et politiques de recherche<\/p>\n\n\n\n<p>RECHERCHES EN EDUCATION ET TICE Communications <\/p>\n\n\n\n<p>CONGR\u00c8S 14-17 JUIN 2011<\/p>\n\n\n\n<div class=\"wp-block-file\"><object class=\"wp-block-file__embed\" data=\"https:\/\/www.afirse-international.com\/wp-content\/uploads\/2022\/09\/Archives_Congres1417juin2011.pdf\" type=\"application\/pdf\" style=\"width:100%;height:600px\" aria-label=\"Contenu embarqu\u00e9 Archives_Congres1417juin2011.\"><\/object><a id=\"wp-block-file--media-28b3d015-2fa4-40e2-b0bc-fd10092b11df\" href=\"https:\/\/www.afirse-international.com\/wp-content\/uploads\/2022\/09\/Archives_Congres1417juin2011.pdf\">Archives_Congres1417juin2011<\/a><a href=\"https:\/\/www.afirse-international.com\/wp-content\/uploads\/2022\/09\/Archives_Congres1417juin2011.pdf\" class=\"wp-block-file__button\" download aria-describedby=\"wp-block-file--media-28b3d015-2fa4-40e2-b0bc-fd10092b11df\">T\u00e9l\u00e9charger<\/a><\/div>\n","protected":false},"excerpt":{"rendered":"<p>AFIRSEAssociation Francophone Internationale de Recherche Scientifique en \u00c9ducationEn collaboration avec l\u2019UNESCO\u00a0Recherche et prospective en \u00e9ducation (ED\/ERF)La recherche en \u00e9ducation dans le monde, o\u00f9 en sommes-nous ? Th\u00e8mes, m\u00e9thodologies et politiques de recherche RECHERCHES EN EDUCATION ET TICE Communications CONGR\u00c8S 14-17 JUIN 2011<\/p>\n","protected":false},"author":1,"featured_media":0,"parent":0,"menu_order":0,"comment_status":"closed","ping_status":"closed","template":"","meta":[],"_links":{"self":[{"href":"https:\/\/www.afirse-international.com\/index.php\/wp-json\/wp\/v2\/pages\/664"}],"collection":[{"href":"https:\/\/www.afirse-international.com\/index.php\/wp-json\/wp\/v2\/pages"}],"about":[{"href":"https:\/\/www.afirse-international.com\/index.php\/wp-json\/wp\/v2\/types\/page"}],"author":[{"embeddable":true,"href":"https:\/\/www.afirse-international.com\/index.php\/wp-json\/wp\/v2\/users\/1"}],"replies":[{"embeddable":true,"href":"https:\/\/www.afirse-international.com\/index.php\/wp-json\/wp\/v2\/comments?post=664"}],"version-history":[{"count":2,"href":"https:\/\/www.afirse-international.com\/index.php\/wp-json\/wp\/v2\/pages\/664\/revisions"}],"predecessor-version":[{"id":673,"href":"https:\/\/www.afirse-international.com\/index.php\/wp-json\/wp\/v2\/pages\/664\/revisions\/673"}],"wp:attachment":[{"href":"https:\/\/www.afirse-international.com\/index.php\/wp-json\/wp\/v2\/media?parent=664"}],"curies":[{"name":"wp","href":"https:\/\/api.w.org\/{rel}","templated":true}]}}